{"id":5829,"date":"2021-10-08T22:01:13","date_gmt":"2021-10-09T03:01:13","guid":{"rendered":"https:\/\/www.codigovidrio.com\/code\/?page_id=5829"},"modified":"2021-10-10T21:46:28","modified_gmt":"2021-10-11T02:46:28","slug":"videos-en-conexiones","status":"publish","type":"page","link":"https:\/\/www.codigovidrio.com\/code\/videos-en-conexiones\/","title":{"rendered":"Videos en Conexiones"},"content":{"rendered":"\t\t<div data-elementor-type=\"wp-post\" data-elementor-id=\"5829\" class=\"elementor elementor-5829 elementor-bc-flex-widget\" data-elementor-post-type=\"page\">\n\t\t\t\t\t\t<section class=\"elementor-section elementor-top-section elementor-element elementor-element-855eaab elementor-section-stretched elementor-section-boxed elementor-section-height-default elementor-section-height-default\" data-id=\"855eaab\" data-element_type=\"section\" data-settings=\"{&quot;stretch_section&quot;:&quot;section-stretched&quot;}\">\n\t\t\t\t\t\t<div class=\"elementor-container elementor-column-gap-no\">\n\t\t\t\t\t<div class=\"elementor-column elementor-col-100 elementor-top-column elementor-element elementor-element-67c3701\" data-id=\"67c3701\" data-element_type=\"column\">\n\t\t\t<div class=\"elementor-widget-wrap elementor-element-populated\">\n\t\t\t\t\t\t<div class=\"elementor-element elementor-element-312c1fc elementor-widget elementor-widget-text-editor\" data-id=\"312c1fc\" data-element_type=\"widget\" data-widget_type=\"text-editor.default\">\n\t\t\t\t<div class=\"elementor-widget-container\">\n\t\t\t\t\t\t\t\t\t<p><span style=\"font-size: 28px; color: #3972c1;\"><strong>Videos en Conexiones<\/strong><\/span><\/p>\t\t\t\t\t\t\t\t<\/div>\n\t\t\t\t<\/div>\n\t\t\t\t<div class=\"elementor-element elementor-element-f4831e0 elementor-grid-2 elementor-grid-tablet-2 elementor-grid-mobile-1 elementor-posts--thumbnail-top elementor-widget elementor-widget-posts\" data-id=\"f4831e0\" data-element_type=\"widget\" data-settings=\"{&quot;classic_columns&quot;:&quot;2&quot;,&quot;classic_columns_tablet&quot;:&quot;2&quot;,&quot;classic_columns_mobile&quot;:&quot;1&quot;,&quot;classic_row_gap&quot;:{&quot;unit&quot;:&quot;px&quot;,&quot;size&quot;:35,&quot;sizes&quot;:[]},&quot;classic_row_gap_tablet&quot;:{&quot;unit&quot;:&quot;px&quot;,&quot;size&quot;:&quot;&quot;,&quot;sizes&quot;:[]},&quot;classic_row_gap_mobile&quot;:{&quot;unit&quot;:&quot;px&quot;,&quot;size&quot;:&quot;&quot;,&quot;sizes&quot;:[]}}\" data-widget_type=\"posts.classic\">\n\t\t\t\t<div class=\"elementor-widget-container\">\n\t\t\t\t\t\t\t<div class=\"elementor-posts-container elementor-posts elementor-posts--skin-classic elementor-grid\">\n\t\t\t\t<article class=\"elementor-post elementor-grid-item post-6344 post type-post status-publish format-standard has-post-thumbnail hentry category-conexiones category-especiales\">\n\t\t\t\t<a class=\"elementor-post__thumbnail__link\" href=\"https:\/\/www.codigovidrio.com\/code\/el-espionaje-sello-el-nexo-corea-putin\/\" tabindex=\"-1\" >\n\t\t\t<div class=\"elementor-post__thumbnail\"><img decoding=\"async\" width=\"300\" height=\"122\" src=\"https:\/\/www.codigovidrio.com\/code\/wp-content\/uploads\/2022\/03\/conexiones-putin-correa-300x122.jpg\" class=\"attachment-medium size-medium wp-image-6343\" alt=\"\" srcset=\"https:\/\/www.codigovidrio.com\/code\/wp-content\/uploads\/2022\/03\/conexiones-putin-correa-300x122.jpg 300w, https:\/\/www.codigovidrio.com\/code\/wp-content\/uploads\/2022\/03\/conexiones-putin-correa-1024x416.jpg 1024w, https:\/\/www.codigovidrio.com\/code\/wp-content\/uploads\/2022\/03\/conexiones-putin-correa-768x312.jpg 768w, https:\/\/www.codigovidrio.com\/code\/wp-content\/uploads\/2022\/03\/conexiones-putin-correa-1536x624.jpg 1536w, https:\/\/www.codigovidrio.com\/code\/wp-content\/uploads\/2022\/03\/conexiones-putin-correa.jpg 1600w\" sizes=\"(max-width: 300px) 100vw, 300px\" \/><\/div>\n\t\t<\/a>\n\t\t\t\t<div class=\"elementor-post__text\">\n\t\t\t\t<h3 class=\"elementor-post__title\">\n\t\t\t<a href=\"https:\/\/www.codigovidrio.com\/code\/el-espionaje-sello-el-nexo-corea-putin\/\" >\n\t\t\t\tEl espionaje sell\u00f3 el nexo Correa-Putin\t\t\t<\/a>\n\t\t<\/h3>\n\t\t\t\t<div class=\"elementor-post__meta-data\">\n\t\t\t\t\t<span class=\"elementor-post-date\">\n\t\t\t30 agosto, 2022\t\t<\/span>\n\t\t\t\t<\/div>\n\t\t\t\t<div class=\"elementor-post__excerpt\">\n\t\t\t<p>Aunque la alianza que Rusia teji\u00f3 con Rafael Correa en su mandato tuvo distintas aristas, uno de los ejes fue el apoyo en inteligencia, espionaje y hackeo. En este contexto, se\u00a0concret\u00f3 la capacitaci\u00f3n de agentes y<\/p>\n\t\t<\/div>\n\t\t\t\t<\/div>\n\t\t\t\t<\/article>\n\t\t\t\t<article class=\"elementor-post elementor-grid-item post-5960 post type-post status-publish format-standard has-post-thumbnail hentry category-conexiones category-especiales\">\n\t\t\t\t<a class=\"elementor-post__thumbnail__link\" href=\"https:\/\/www.codigovidrio.com\/code\/mafias-ganan-120-millones-en-las-carceles\/\" tabindex=\"-1\" >\n\t\t\t<div class=\"elementor-post__thumbnail\"><img decoding=\"async\" width=\"300\" height=\"159\" src=\"https:\/\/www.codigovidrio.com\/code\/wp-content\/uploads\/2021\/11\/Foto-Carceles-2-1-300x159.jpg\" class=\"attachment-medium size-medium wp-image-5971\" alt=\"\" srcset=\"https:\/\/www.codigovidrio.com\/code\/wp-content\/uploads\/2021\/11\/Foto-Carceles-2-1-300x159.jpg 300w, https:\/\/www.codigovidrio.com\/code\/wp-content\/uploads\/2021\/11\/Foto-Carceles-2-1-768x407.jpg 768w, https:\/\/www.codigovidrio.com\/code\/wp-content\/uploads\/2021\/11\/Foto-Carceles-2-1.jpg 1013w\" sizes=\"(max-width: 300px) 100vw, 300px\" \/><\/div>\n\t\t<\/a>\n\t\t\t\t<div class=\"elementor-post__text\">\n\t\t\t\t<h3 class=\"elementor-post__title\">\n\t\t\t<a href=\"https:\/\/www.codigovidrio.com\/code\/mafias-ganan-120-millones-en-las-carceles\/\" >\n\t\t\t\tMafias ganan 120 millones en las c\u00e1rceles\t\t\t<\/a>\n\t\t<\/h3>\n\t\t\t\t<div class=\"elementor-post__meta-data\">\n\t\t\t\t\t<span class=\"elementor-post-date\">\n\t\t\t28 noviembre, 2021\t\t<\/span>\n\t\t\t\t<\/div>\n\t\t\t\t<div class=\"elementor-post__excerpt\">\n\t\t\t<p>Producci\u00f3n y reporter\u00eda Arturo Torres y Doris Olmos \/\/CONEXIONES\/\/ Los \u00faltimos a\u00f1os las megabandas se transformaron en verdaderos ej\u00e9rcitos en las prisiones. Su mutaci\u00f3n es consecuencia del empoderamiento vertiginoso de estas mafias como brazos armados de<\/p>\n\t\t<\/div>\n\t\t\t\t<\/div>\n\t\t\t\t<\/article>\n\t\t\t\t<article class=\"elementor-post elementor-grid-item post-5826 post type-post status-publish format-standard has-post-thumbnail hentry category-conexiones category-especiales\">\n\t\t\t\t<a class=\"elementor-post__thumbnail__link\" href=\"https:\/\/www.codigovidrio.com\/code\/289-barcos-chinos-depredan-en-el-pacifico\/\" tabindex=\"-1\" >\n\t\t\t<div class=\"elementor-post__thumbnail\"><img decoding=\"async\" width=\"300\" height=\"122\" src=\"https:\/\/www.codigovidrio.com\/code\/wp-content\/uploads\/2021\/10\/flota-china-01-300x122.jpg\" class=\"attachment-medium size-medium wp-image-5855\" alt=\"\" srcset=\"https:\/\/www.codigovidrio.com\/code\/wp-content\/uploads\/2021\/10\/flota-china-01-300x122.jpg 300w, https:\/\/www.codigovidrio.com\/code\/wp-content\/uploads\/2021\/10\/flota-china-01-1024x416.jpg 1024w, https:\/\/www.codigovidrio.com\/code\/wp-content\/uploads\/2021\/10\/flota-china-01-768x312.jpg 768w, https:\/\/www.codigovidrio.com\/code\/wp-content\/uploads\/2021\/10\/flota-china-01-1536x624.jpg 1536w, https:\/\/www.codigovidrio.com\/code\/wp-content\/uploads\/2021\/10\/flota-china-01.jpg 1600w\" sizes=\"(max-width: 300px) 100vw, 300px\" \/><\/div>\n\t\t<\/a>\n\t\t\t\t<div class=\"elementor-post__text\">\n\t\t\t\t<h3 class=\"elementor-post__title\">\n\t\t\t<a href=\"https:\/\/www.codigovidrio.com\/code\/289-barcos-chinos-depredan-en-el-pacifico\/\" >\n\t\t\t\t289 barcos chinos depredan en el Pac\u00edfico\t\t\t<\/a>\n\t\t<\/h3>\n\t\t\t\t<div class=\"elementor-post__meta-data\">\n\t\t\t\t\t<span class=\"elementor-post-date\">\n\t\t\t10 octubre, 2021\t\t<\/span>\n\t\t\t\t<\/div>\n\t\t\t\t<div class=\"elementor-post__excerpt\">\n\t\t\t<p>\ufeff Producci\u00f3n C\u00f3digo Vidrio CONEXIONES\/\/\u00a0Todos los a\u00f1os una flota de 289 barcos chinos llega a los l\u00edmites de la Zona Econ\u00f3mica Exclusiva (ZEE) del mar territorial ecuatoriano, para pescar calamar y otras especies, lo cual pone<\/p>\n\t\t<\/div>\n\t\t\t\t<\/div>\n\t\t\t\t<\/article>\n\t\t\t\t<\/div>\n\t\t\n\t\t\t\t\t\t<\/div>\n\t\t\t\t<\/div>\n\t\t\t\t\t<\/div>\n\t\t<\/div>\n\t\t\t\t\t<\/div>\n\t\t<\/section>\n\t\t\t\t<\/div>\n\t\t","protected":false},"excerpt":{"rendered":"<p>Videos en Conexiones<\/p>\n","protected":false},"author":2,"featured_media":0,"parent":0,"menu_order":0,"comment_status":"closed","ping_status":"closed","template":"","meta":{"generate_page_header":"","footnotes":""},"yoast_head":"<!-- This site is optimized with the Yoast SEO plugin v23.5 - https:\/\/yoast.com\/wordpress\/plugins\/seo\/ -->\n<title>Videos en Conexiones - C\u00f3digo Vidrio<\/title>\n<meta name=\"robots\" content=\"index, follow, max-snippet:-1, max-image-preview:large, max-video-preview:-1\" \/>\n<link rel=\"canonical\" href=\"https:\/\/www.codigovidrio.com\/code\/videos-en-conexiones\/\" \/>\n<meta property=\"og:locale\" content=\"es_ES\" \/>\n<meta property=\"og:type\" content=\"article\" \/>\n<meta property=\"og:title\" content=\"Videos en Conexiones - C\u00f3digo Vidrio\" \/>\n<meta property=\"og:description\" content=\"Videos en Conexiones\" \/>\n<meta property=\"og:url\" content=\"https:\/\/www.codigovidrio.com\/code\/videos-en-conexiones\/\" \/>\n<meta property=\"og:site_name\" content=\"C\u00f3digo Vidrio\" \/>\n<meta property=\"article:modified_time\" content=\"2021-10-11T02:46:28+00:00\" \/>\n<meta name=\"twitter:card\" content=\"summary_large_image\" \/>\n<script type=\"application\/ld+json\" class=\"yoast-schema-graph\">{\"@context\":\"https:\/\/schema.org\",\"@graph\":[{\"@type\":\"WebPage\",\"@id\":\"https:\/\/www.codigovidrio.com\/code\/videos-en-conexiones\/\",\"url\":\"https:\/\/www.codigovidrio.com\/code\/videos-en-conexiones\/\",\"name\":\"Videos en Conexiones - C\u00f3digo Vidrio\",\"isPartOf\":{\"@id\":\"https:\/\/www.codigovidrio.com\/code\/#website\"},\"datePublished\":\"2021-10-09T03:01:13+00:00\",\"dateModified\":\"2021-10-11T02:46:28+00:00\",\"breadcrumb\":{\"@id\":\"https:\/\/www.codigovidrio.com\/code\/videos-en-conexiones\/#breadcrumb\"},\"inLanguage\":\"es\",\"potentialAction\":[{\"@type\":\"ReadAction\",\"target\":[\"https:\/\/www.codigovidrio.com\/code\/videos-en-conexiones\/\"]}]},{\"@type\":\"BreadcrumbList\",\"@id\":\"https:\/\/www.codigovidrio.com\/code\/videos-en-conexiones\/#breadcrumb\",\"itemListElement\":[{\"@type\":\"ListItem\",\"position\":1,\"name\":\"Portada\",\"item\":\"https:\/\/www.codigovidrio.com\/code\/\"},{\"@type\":\"ListItem\",\"position\":2,\"name\":\"Videos en Conexiones\"}]},{\"@type\":\"WebSite\",\"@id\":\"https:\/\/www.codigovidrio.com\/code\/#website\",\"url\":\"https:\/\/www.codigovidrio.com\/code\/\",\"name\":\"C\u00f3digo Vidrio\",\"description\":\"Transparentamos las historias ocultas\",\"publisher\":{\"@id\":\"https:\/\/www.codigovidrio.com\/code\/#organization\"},\"potentialAction\":[{\"@type\":\"SearchAction\",\"target\":{\"@type\":\"EntryPoint\",\"urlTemplate\":\"https:\/\/www.codigovidrio.com\/code\/?s={search_term_string}\"},\"query-input\":{\"@type\":\"PropertyValueSpecification\",\"valueRequired\":true,\"valueName\":\"search_term_string\"}}],\"inLanguage\":\"es\"},{\"@type\":\"Organization\",\"@id\":\"https:\/\/www.codigovidrio.com\/code\/#organization\",\"name\":\"C\u00f3digo Vidrio\",\"url\":\"https:\/\/www.codigovidrio.com\/code\/\",\"logo\":{\"@type\":\"ImageObject\",\"inLanguage\":\"es\",\"@id\":\"https:\/\/www.codigovidrio.com\/code\/#\/schema\/logo\/image\/\",\"url\":\"https:\/\/www.codigovidrio.com\/code\/wp-content\/uploads\/2022\/01\/logo-horiz-08.png\",\"contentUrl\":\"https:\/\/www.codigovidrio.com\/code\/wp-content\/uploads\/2022\/01\/logo-horiz-08.png\",\"width\":817,\"height\":294,\"caption\":\"C\u00f3digo Vidrio\"},\"image\":{\"@id\":\"https:\/\/www.codigovidrio.com\/code\/#\/schema\/logo\/image\/\"}}]}<\/script>\n<!-- \/ Yoast SEO plugin. -->","yoast_head_json":{"title":"Videos en Conexiones - C\u00f3digo Vidrio","robots":{"index":"index","follow":"follow","max-snippet":"max-snippet:-1","max-image-preview":"max-image-preview:large","max-video-preview":"max-video-preview:-1"},"canonical":"https:\/\/www.codigovidrio.com\/code\/videos-en-conexiones\/","og_locale":"es_ES","og_type":"article","og_title":"Videos en Conexiones - C\u00f3digo Vidrio","og_description":"Videos en Conexiones","og_url":"https:\/\/www.codigovidrio.com\/code\/videos-en-conexiones\/","og_site_name":"C\u00f3digo Vidrio","article_modified_time":"2021-10-11T02:46:28+00:00","twitter_card":"summary_large_image","schema":{"@context":"https:\/\/schema.org","@graph":[{"@type":"WebPage","@id":"https:\/\/www.codigovidrio.com\/code\/videos-en-conexiones\/","url":"https:\/\/www.codigovidrio.com\/code\/videos-en-conexiones\/","name":"Videos en Conexiones - C\u00f3digo Vidrio","isPartOf":{"@id":"https:\/\/www.codigovidrio.com\/code\/#website"},"datePublished":"2021-10-09T03:01:13+00:00","dateModified":"2021-10-11T02:46:28+00:00","breadcrumb":{"@id":"https:\/\/www.codigovidrio.com\/code\/videos-en-conexiones\/#breadcrumb"},"inLanguage":"es","potentialAction":[{"@type":"ReadAction","target":["https:\/\/www.codigovidrio.com\/code\/videos-en-conexiones\/"]}]},{"@type":"BreadcrumbList","@id":"https:\/\/www.codigovidrio.com\/code\/videos-en-conexiones\/#breadcrumb","itemListElement":[{"@type":"ListItem","position":1,"name":"Portada","item":"https:\/\/www.codigovidrio.com\/code\/"},{"@type":"ListItem","position":2,"name":"Videos en Conexiones"}]},{"@type":"WebSite","@id":"https:\/\/www.codigovidrio.com\/code\/#website","url":"https:\/\/www.codigovidrio.com\/code\/","name":"C\u00f3digo Vidrio","description":"Transparentamos las historias ocultas","publisher":{"@id":"https:\/\/www.codigovidrio.com\/code\/#organization"},"potentialAction":[{"@type":"SearchAction","target":{"@type":"EntryPoint","urlTemplate":"https:\/\/www.codigovidrio.com\/code\/?s={search_term_string}"},"query-input":{"@type":"PropertyValueSpecification","valueRequired":true,"valueName":"search_term_string"}}],"inLanguage":"es"},{"@type":"Organization","@id":"https:\/\/www.codigovidrio.com\/code\/#organization","name":"C\u00f3digo Vidrio","url":"https:\/\/www.codigovidrio.com\/code\/","logo":{"@type":"ImageObject","inLanguage":"es","@id":"https:\/\/www.codigovidrio.com\/code\/#\/schema\/logo\/image\/","url":"https:\/\/www.codigovidrio.com\/code\/wp-content\/uploads\/2022\/01\/logo-horiz-08.png","contentUrl":"https:\/\/www.codigovidrio.com\/code\/wp-content\/uploads\/2022\/01\/logo-horiz-08.png","width":817,"height":294,"caption":"C\u00f3digo Vidrio"},"image":{"@id":"https:\/\/www.codigovidrio.com\/code\/#\/schema\/logo\/image\/"}}]}},"_links":{"self":[{"href":"https:\/\/www.codigovidrio.com\/code\/wp-json\/wp\/v2\/pages\/5829"}],"collection":[{"href":"https:\/\/www.codigovidrio.com\/code\/wp-json\/wp\/v2\/pages"}],"about":[{"href":"https:\/\/www.codigovidrio.com\/code\/wp-json\/wp\/v2\/types\/page"}],"author":[{"embeddable":true,"href":"https:\/\/www.codigovidrio.com\/code\/wp-json\/wp\/v2\/users\/2"}],"replies":[{"embeddable":true,"href":"https:\/\/www.codigovidrio.com\/code\/wp-json\/wp\/v2\/comments?post=5829"}],"version-history":[{"count":10,"href":"https:\/\/www.codigovidrio.com\/code\/wp-json\/wp\/v2\/pages\/5829\/revisions"}],"predecessor-version":[{"id":5864,"href":"https:\/\/www.codigovidrio.com\/code\/wp-json\/wp\/v2\/pages\/5829\/revisions\/5864"}],"wp:attachment":[{"href":"https:\/\/www.codigovidrio.com\/code\/wp-json\/wp\/v2\/media?parent=5829"}],"curies":[{"name":"wp","href":"https:\/\/api.w.org\/{rel}","templated":true}]}}