{"id":5124,"date":"2021-01-06T21:53:53","date_gmt":"2021-01-07T02:53:53","guid":{"rendered":"http:\/\/www.codigovidrio.com\/code\/?page_id=5124"},"modified":"2022-08-28T18:13:20","modified_gmt":"2022-08-28T23:13:20","slug":"has-una-donacion","status":"publish","type":"page","link":"https:\/\/www.codigovidrio.com\/code\/has-una-donacion\/","title":{"rendered":"Dona y respalda nuestras investigaciones"},"content":{"rendered":"<h2>Has una donaci\u00f3n<\/h2>\n<h3>Apoya al periodismo independiente<\/h3>\n<p>Ay\u00fadanos a financiar nuestras investigaciones.<br \/>\nRealiza tu transferencia o dep\u00f3sito directamente en nuestra cuenta bancaria:<\/p>\n<p>Banco del Pichincha<br \/>\n<b>Cuenta de ahorros: 2201679389<\/b><\/p>\n<p>Muchas gracias!<\/p>\n<p><a role=\"button\" href=\"https:\/\/www.codigovidrio.com\/code\/\"><br \/>\nContinuar<br \/>\n<\/a><\/p>\n","protected":false},"excerpt":{"rendered":"<p>Has una donaci\u00f3n Apoya al periodismo independiente Ay\u00fadanos a financiar nuestras investigaciones. Realiza tu transferencia o dep\u00f3sito directamente en nuestra cuenta bancaria: Banco del Pichincha Cuenta de ahorros: 2201679389 Muchas gracias! Continuar<\/p>\n","protected":false},"author":2,"featured_media":0,"parent":0,"menu_order":0,"comment_status":"closed","ping_status":"closed","template":"","meta":{"generate_page_header":"","footnotes":""},"yoast_head":"<!-- This site is optimized with the Yoast SEO plugin v23.5 - https:\/\/yoast.com\/wordpress\/plugins\/seo\/ -->\n<title>Dona y respalda nuestras investigaciones - C\u00f3digo Vidrio<\/title>\n<meta name=\"robots\" content=\"index, follow, max-snippet:-1, max-image-preview:large, max-video-preview:-1\" \/>\n<link rel=\"canonical\" href=\"https:\/\/www.codigovidrio.com\/code\/has-una-donacion\/\" \/>\n<meta property=\"og:locale\" content=\"es_ES\" \/>\n<meta property=\"og:type\" content=\"article\" \/>\n<meta property=\"og:title\" content=\"Dona y respalda nuestras investigaciones - C\u00f3digo Vidrio\" \/>\n<meta property=\"og:description\" content=\"Has una donaci\u00f3n Apoya al periodismo independiente Ay\u00fadanos a financiar nuestras investigaciones. Realiza tu transferencia o dep\u00f3sito directamente en nuestra cuenta bancaria: Banco del Pichincha Cuenta de ahorros: 2201679389 Muchas gracias! Continuar\" \/>\n<meta property=\"og:url\" content=\"https:\/\/www.codigovidrio.com\/code\/has-una-donacion\/\" \/>\n<meta property=\"og:site_name\" content=\"C\u00f3digo Vidrio\" \/>\n<meta property=\"article:modified_time\" content=\"2022-08-28T23:13:20+00:00\" \/>\n<meta name=\"twitter:card\" content=\"summary_large_image\" \/>\n<meta name=\"twitter:label1\" content=\"Tiempo de lectura\" \/>\n\t<meta name=\"twitter:data1\" content=\"1 minuto\" \/>\n<script type=\"application\/ld+json\" class=\"yoast-schema-graph\">{\"@context\":\"https:\/\/schema.org\",\"@graph\":[{\"@type\":\"WebPage\",\"@id\":\"https:\/\/www.codigovidrio.com\/code\/has-una-donacion\/\",\"url\":\"https:\/\/www.codigovidrio.com\/code\/has-una-donacion\/\",\"name\":\"Dona y respalda nuestras investigaciones - C\u00f3digo Vidrio\",\"isPartOf\":{\"@id\":\"https:\/\/www.codigovidrio.com\/code\/#website\"},\"datePublished\":\"2021-01-07T02:53:53+00:00\",\"dateModified\":\"2022-08-28T23:13:20+00:00\",\"breadcrumb\":{\"@id\":\"https:\/\/www.codigovidrio.com\/code\/has-una-donacion\/#breadcrumb\"},\"inLanguage\":\"es\",\"potentialAction\":[{\"@type\":\"ReadAction\",\"target\":[\"https:\/\/www.codigovidrio.com\/code\/has-una-donacion\/\"]}]},{\"@type\":\"BreadcrumbList\",\"@id\":\"https:\/\/www.codigovidrio.com\/code\/has-una-donacion\/#breadcrumb\",\"itemListElement\":[{\"@type\":\"ListItem\",\"position\":1,\"name\":\"Portada\",\"item\":\"https:\/\/www.codigovidrio.com\/code\/\"},{\"@type\":\"ListItem\",\"position\":2,\"name\":\"Dona y respalda nuestras investigaciones\"}]},{\"@type\":\"WebSite\",\"@id\":\"https:\/\/www.codigovidrio.com\/code\/#website\",\"url\":\"https:\/\/www.codigovidrio.com\/code\/\",\"name\":\"C\u00f3digo Vidrio\",\"description\":\"Transparentamos las historias ocultas\",\"publisher\":{\"@id\":\"https:\/\/www.codigovidrio.com\/code\/#organization\"},\"potentialAction\":[{\"@type\":\"SearchAction\",\"target\":{\"@type\":\"EntryPoint\",\"urlTemplate\":\"https:\/\/www.codigovidrio.com\/code\/?s={search_term_string}\"},\"query-input\":{\"@type\":\"PropertyValueSpecification\",\"valueRequired\":true,\"valueName\":\"search_term_string\"}}],\"inLanguage\":\"es\"},{\"@type\":\"Organization\",\"@id\":\"https:\/\/www.codigovidrio.com\/code\/#organization\",\"name\":\"C\u00f3digo Vidrio\",\"url\":\"https:\/\/www.codigovidrio.com\/code\/\",\"logo\":{\"@type\":\"ImageObject\",\"inLanguage\":\"es\",\"@id\":\"https:\/\/www.codigovidrio.com\/code\/#\/schema\/logo\/image\/\",\"url\":\"https:\/\/www.codigovidrio.com\/code\/wp-content\/uploads\/2022\/01\/logo-horiz-08.png\",\"contentUrl\":\"https:\/\/www.codigovidrio.com\/code\/wp-content\/uploads\/2022\/01\/logo-horiz-08.png\",\"width\":817,\"height\":294,\"caption\":\"C\u00f3digo Vidrio\"},\"image\":{\"@id\":\"https:\/\/www.codigovidrio.com\/code\/#\/schema\/logo\/image\/\"}}]}<\/script>\n<!-- \/ Yoast SEO plugin. -->","yoast_head_json":{"title":"Dona y respalda nuestras investigaciones - C\u00f3digo Vidrio","robots":{"index":"index","follow":"follow","max-snippet":"max-snippet:-1","max-image-preview":"max-image-preview:large","max-video-preview":"max-video-preview:-1"},"canonical":"https:\/\/www.codigovidrio.com\/code\/has-una-donacion\/","og_locale":"es_ES","og_type":"article","og_title":"Dona y respalda nuestras investigaciones - C\u00f3digo Vidrio","og_description":"Has una donaci\u00f3n Apoya al periodismo independiente Ay\u00fadanos a financiar nuestras investigaciones. Realiza tu transferencia o dep\u00f3sito directamente en nuestra cuenta bancaria: Banco del Pichincha Cuenta de ahorros: 2201679389 Muchas gracias! Continuar","og_url":"https:\/\/www.codigovidrio.com\/code\/has-una-donacion\/","og_site_name":"C\u00f3digo Vidrio","article_modified_time":"2022-08-28T23:13:20+00:00","twitter_card":"summary_large_image","twitter_misc":{"Tiempo de lectura":"1 minuto"},"schema":{"@context":"https:\/\/schema.org","@graph":[{"@type":"WebPage","@id":"https:\/\/www.codigovidrio.com\/code\/has-una-donacion\/","url":"https:\/\/www.codigovidrio.com\/code\/has-una-donacion\/","name":"Dona y respalda nuestras investigaciones - C\u00f3digo Vidrio","isPartOf":{"@id":"https:\/\/www.codigovidrio.com\/code\/#website"},"datePublished":"2021-01-07T02:53:53+00:00","dateModified":"2022-08-28T23:13:20+00:00","breadcrumb":{"@id":"https:\/\/www.codigovidrio.com\/code\/has-una-donacion\/#breadcrumb"},"inLanguage":"es","potentialAction":[{"@type":"ReadAction","target":["https:\/\/www.codigovidrio.com\/code\/has-una-donacion\/"]}]},{"@type":"BreadcrumbList","@id":"https:\/\/www.codigovidrio.com\/code\/has-una-donacion\/#breadcrumb","itemListElement":[{"@type":"ListItem","position":1,"name":"Portada","item":"https:\/\/www.codigovidrio.com\/code\/"},{"@type":"ListItem","position":2,"name":"Dona y respalda nuestras investigaciones"}]},{"@type":"WebSite","@id":"https:\/\/www.codigovidrio.com\/code\/#website","url":"https:\/\/www.codigovidrio.com\/code\/","name":"C\u00f3digo Vidrio","description":"Transparentamos las historias ocultas","publisher":{"@id":"https:\/\/www.codigovidrio.com\/code\/#organization"},"potentialAction":[{"@type":"SearchAction","target":{"@type":"EntryPoint","urlTemplate":"https:\/\/www.codigovidrio.com\/code\/?s={search_term_string}"},"query-input":{"@type":"PropertyValueSpecification","valueRequired":true,"valueName":"search_term_string"}}],"inLanguage":"es"},{"@type":"Organization","@id":"https:\/\/www.codigovidrio.com\/code\/#organization","name":"C\u00f3digo Vidrio","url":"https:\/\/www.codigovidrio.com\/code\/","logo":{"@type":"ImageObject","inLanguage":"es","@id":"https:\/\/www.codigovidrio.com\/code\/#\/schema\/logo\/image\/","url":"https:\/\/www.codigovidrio.com\/code\/wp-content\/uploads\/2022\/01\/logo-horiz-08.png","contentUrl":"https:\/\/www.codigovidrio.com\/code\/wp-content\/uploads\/2022\/01\/logo-horiz-08.png","width":817,"height":294,"caption":"C\u00f3digo Vidrio"},"image":{"@id":"https:\/\/www.codigovidrio.com\/code\/#\/schema\/logo\/image\/"}}]}},"_links":{"self":[{"href":"https:\/\/www.codigovidrio.com\/code\/wp-json\/wp\/v2\/pages\/5124"}],"collection":[{"href":"https:\/\/www.codigovidrio.com\/code\/wp-json\/wp\/v2\/pages"}],"about":[{"href":"https:\/\/www.codigovidrio.com\/code\/wp-json\/wp\/v2\/types\/page"}],"author":[{"embeddable":true,"href":"https:\/\/www.codigovidrio.com\/code\/wp-json\/wp\/v2\/users\/2"}],"replies":[{"embeddable":true,"href":"https:\/\/www.codigovidrio.com\/code\/wp-json\/wp\/v2\/comments?post=5124"}],"version-history":[{"count":11,"href":"https:\/\/www.codigovidrio.com\/code\/wp-json\/wp\/v2\/pages\/5124\/revisions"}],"predecessor-version":[{"id":6618,"href":"https:\/\/www.codigovidrio.com\/code\/wp-json\/wp\/v2\/pages\/5124\/revisions\/6618"}],"wp:attachment":[{"href":"https:\/\/www.codigovidrio.com\/code\/wp-json\/wp\/v2\/media?parent=5124"}],"curies":[{"name":"wp","href":"https:\/\/api.w.org\/{rel}","templated":true}]}}