{"id":4779,"date":"2020-10-19T00:23:29","date_gmt":"2020-10-19T05:23:29","guid":{"rendered":"http:\/\/www.codigovidrio.com\/code\/?page_id=4779"},"modified":"2020-10-19T00:26:06","modified_gmt":"2020-10-19T05:26:06","slug":"desinformacion","status":"publish","type":"page","link":"https:\/\/www.codigovidrio.com\/code\/desinformacion\/","title":{"rendered":"Desinformaci\u00f3n"},"content":{"rendered":"\t\t<div data-elementor-type=\"wp-post\" data-elementor-id=\"4779\" class=\"elementor elementor-4779 elementor-bc-flex-widget\" data-elementor-post-type=\"page\">\n\t\t\t\t\t\t<section class=\"elementor-section elementor-top-section elementor-element elementor-element-6f1c0ab elementor-section-boxed elementor-section-height-default elementor-section-height-default\" data-id=\"6f1c0ab\" data-element_type=\"section\">\n\t\t\t\t\t\t<div class=\"elementor-container elementor-column-gap-default\">\n\t\t\t\t\t<div class=\"elementor-column elementor-col-100 elementor-top-column elementor-element elementor-element-6008638\" data-id=\"6008638\" data-element_type=\"column\">\n\t\t\t<div class=\"elementor-widget-wrap elementor-element-populated\">\n\t\t\t\t\t\t<div class=\"elementor-element elementor-element-58cb0ed elementor-widget elementor-widget-spacer\" data-id=\"58cb0ed\" data-element_type=\"widget\" data-widget_type=\"spacer.default\">\n\t\t\t\t<div class=\"elementor-widget-container\">\n\t\t\t\t\t\t\t<div class=\"elementor-spacer\">\n\t\t\t<div class=\"elementor-spacer-inner\"><\/div>\n\t\t<\/div>\n\t\t\t\t\t\t<\/div>\n\t\t\t\t<\/div>\n\t\t\t\t<div class=\"elementor-element elementor-element-d25f4df elementor-widget elementor-widget-text-editor\" data-id=\"d25f4df\" data-element_type=\"widget\" data-widget_type=\"text-editor.default\">\n\t\t\t\t<div class=\"elementor-widget-container\">\n\t\t\t\t\t\t\t\t\t<span style=\"font-size: 28px; color: #3972c1;\"><strong><strong>Desinformaci\u00f3n<\/strong>\t\t\t\t\t\t\t\t<\/div>\n\t\t\t\t<\/div>\n\t\t\t\t\t<\/div>\n\t\t<\/div>\n\t\t\t\t\t<\/div>\n\t\t<\/section>\n\t\t\t\t<section class=\"elementor-section elementor-top-section elementor-element elementor-element-01305c3 elementor-section-boxed elementor-section-height-default elementor-section-height-default\" data-id=\"01305c3\" data-element_type=\"section\">\n\t\t\t\t\t\t<div class=\"elementor-container elementor-column-gap-default\">\n\t\t\t\t\t<div class=\"elementor-column elementor-col-100 elementor-top-column elementor-element elementor-element-bb6c0fc\" data-id=\"bb6c0fc\" data-element_type=\"column\">\n\t\t\t<div class=\"elementor-widget-wrap elementor-element-populated\">\n\t\t\t\t\t\t<div class=\"elementor-element elementor-element-624868a elementor-grid-4 elementor-grid-tablet-2 elementor-grid-mobile-1 elementor-posts--thumbnail-top elementor-widget elementor-widget-posts\" data-id=\"624868a\" data-element_type=\"widget\" data-settings=\"{&quot;classic_columns&quot;:&quot;4&quot;,&quot;classic_columns_tablet&quot;:&quot;2&quot;,&quot;classic_columns_mobile&quot;:&quot;1&quot;,&quot;classic_row_gap&quot;:{&quot;unit&quot;:&quot;px&quot;,&quot;size&quot;:35,&quot;sizes&quot;:[]},&quot;classic_row_gap_tablet&quot;:{&quot;unit&quot;:&quot;px&quot;,&quot;size&quot;:&quot;&quot;,&quot;sizes&quot;:[]},&quot;classic_row_gap_mobile&quot;:{&quot;unit&quot;:&quot;px&quot;,&quot;size&quot;:&quot;&quot;,&quot;sizes&quot;:[]}}\" data-widget_type=\"posts.classic\">\n\t\t\t\t<div class=\"elementor-widget-container\">\n\t\t\t\t\t\t\t<div class=\"elementor-posts-container elementor-posts elementor-posts--skin-classic elementor-grid\">\n\t\t\t\t<article class=\"elementor-post elementor-grid-item post-4802 post type-post status-publish format-standard has-post-thumbnail hentry category-desinformacion\">\n\t\t\t\t<a class=\"elementor-post__thumbnail__link\" href=\"https:\/\/www.codigovidrio.com\/code\/correa-afina-su-artilleria-en-redes-en-la-ruta-a-las-elecciones\/\" tabindex=\"-1\" >\n\t\t\t<div class=\"elementor-post__thumbnail\"><img fetchpriority=\"high\" decoding=\"async\" width=\"300\" height=\"191\" src=\"https:\/\/www.codigovidrio.com\/code\/wp-content\/uploads\/2020\/10\/Correa-y-elecciones-head-300x191.jpg\" class=\"attachment-medium size-medium wp-image-4803\" alt=\"\" srcset=\"https:\/\/www.codigovidrio.com\/code\/wp-content\/uploads\/2020\/10\/Correa-y-elecciones-head-300x191.jpg 300w, https:\/\/www.codigovidrio.com\/code\/wp-content\/uploads\/2020\/10\/Correa-y-elecciones-head-1024x652.jpg 1024w, https:\/\/www.codigovidrio.com\/code\/wp-content\/uploads\/2020\/10\/Correa-y-elecciones-head-768x489.jpg 768w, https:\/\/www.codigovidrio.com\/code\/wp-content\/uploads\/2020\/10\/Correa-y-elecciones-head.jpg 1179w\" sizes=\"(max-width: 300px) 100vw, 300px\" \/><\/div>\n\t\t<\/a>\n\t\t\t\t<div class=\"elementor-post__text\">\n\t\t\t\t<h3 class=\"elementor-post__title\">\n\t\t\t<a href=\"https:\/\/www.codigovidrio.com\/code\/correa-afina-su-artilleria-en-redes-en-la-ruta-a-las-elecciones\/\" >\n\t\t\t\tCorrea afina su artiller\u00eda en redes, en la ruta a las elecciones\t\t\t<\/a>\n\t\t<\/h3>\n\t\t\t\t<div class=\"elementor-post__meta-data\">\n\t\t\t\t\t<span class=\"elementor-post-date\">\n\t\t\t23 agosto, 2020\t\t<\/span>\n\t\t\t\t<\/div>\n\t\t\t\t<div class=\"elementor-post__excerpt\">\n\t\t\t<p>19 cuentas y sitios web est\u00e1n al frente de la estrategia para difundir y replicar contenidos a favor del expresidente Rafael Correa y dirigentes de<\/p>\n\t\t<\/div>\n\t\t\t\t<\/div>\n\t\t\t\t<\/article>\n\t\t\t\t<article class=\"elementor-post elementor-grid-item post-4799 post type-post status-publish format-standard has-post-thumbnail hentry category-desinformacion\">\n\t\t\t\t<a class=\"elementor-post__thumbnail__link\" href=\"https:\/\/www.codigovidrio.com\/code\/extranjeros-armaron-ejercitos-de-trolls-en-ecuador\/\" tabindex=\"-1\" >\n\t\t\t<div class=\"elementor-post__thumbnail\"><img decoding=\"async\" width=\"300\" height=\"165\" src=\"https:\/\/www.codigovidrio.com\/code\/wp-content\/uploads\/2020\/10\/guerra-trolls-head-300x165.jpg\" class=\"attachment-medium size-medium wp-image-4800\" alt=\"\" srcset=\"https:\/\/www.codigovidrio.com\/code\/wp-content\/uploads\/2020\/10\/guerra-trolls-head-300x165.jpg 300w, https:\/\/www.codigovidrio.com\/code\/wp-content\/uploads\/2020\/10\/guerra-trolls-head-1024x564.jpg 1024w, https:\/\/www.codigovidrio.com\/code\/wp-content\/uploads\/2020\/10\/guerra-trolls-head-768x423.jpg 768w, https:\/\/www.codigovidrio.com\/code\/wp-content\/uploads\/2020\/10\/guerra-trolls-head.jpg 1223w\" sizes=\"(max-width: 300px) 100vw, 300px\" \/><\/div>\n\t\t<\/a>\n\t\t\t\t<div class=\"elementor-post__text\">\n\t\t\t\t<h3 class=\"elementor-post__title\">\n\t\t\t<a href=\"https:\/\/www.codigovidrio.com\/code\/extranjeros-armaron-ejercitos-de-trolls-en-ecuador\/\" >\n\t\t\t\tExtranjeros armaron ej\u00e9rcitos de trolls en Ecuador\t\t\t<\/a>\n\t\t<\/h3>\n\t\t\t\t<div class=\"elementor-post__meta-data\">\n\t\t\t\t\t<span class=\"elementor-post-date\">\n\t\t\t6 julio, 2020\t\t<\/span>\n\t\t\t\t<\/div>\n\t\t\t\t<div class=\"elementor-post__excerpt\">\n\t\t\t<p>La lucha digital por posicionar tendencias y discursos es despiadada y costosa. Apela a m\u00e9todos bien planificados, que han convertido a Ecuador en un caso<\/p>\n\t\t<\/div>\n\t\t\t\t<\/div>\n\t\t\t\t<\/article>\n\t\t\t\t<article class=\"elementor-post elementor-grid-item post-4807 post type-post status-publish format-standard has-post-thumbnail hentry category-desinformacion\">\n\t\t\t\t<a class=\"elementor-post__thumbnail__link\" href=\"https:\/\/www.codigovidrio.com\/code\/15-millones-de-seguidores-fake-tiene-mashirafael\/\" tabindex=\"-1\" >\n\t\t\t<div class=\"elementor-post__thumbnail\"><img decoding=\"async\" width=\"300\" height=\"179\" src=\"https:\/\/www.codigovidrio.com\/code\/wp-content\/uploads\/2020\/10\/mashi-twitter-head-300x179.jpg\" class=\"attachment-medium size-medium wp-image-4805\" alt=\"\" srcset=\"https:\/\/www.codigovidrio.com\/code\/wp-content\/uploads\/2020\/10\/mashi-twitter-head-300x179.jpg 300w, https:\/\/www.codigovidrio.com\/code\/wp-content\/uploads\/2020\/10\/mashi-twitter-head-1024x610.jpg 1024w, https:\/\/www.codigovidrio.com\/code\/wp-content\/uploads\/2020\/10\/mashi-twitter-head-768x458.jpg 768w, https:\/\/www.codigovidrio.com\/code\/wp-content\/uploads\/2020\/10\/mashi-twitter-head.jpg 1200w\" sizes=\"(max-width: 300px) 100vw, 300px\" \/><\/div>\n\t\t<\/a>\n\t\t\t\t<div class=\"elementor-post__text\">\n\t\t\t\t<h3 class=\"elementor-post__title\">\n\t\t\t<a href=\"https:\/\/www.codigovidrio.com\/code\/15-millones-de-seguidores-fake-tiene-mashirafael\/\" >\n\t\t\t\t1,5 millones de seguidores fake tiene @Mashirafael\t\t\t<\/a>\n\t\t<\/h3>\n\t\t\t\t<div class=\"elementor-post__meta-data\">\n\t\t\t\t\t<span class=\"elementor-post-date\">\n\t\t\t23 junio, 2020\t\t<\/span>\n\t\t\t\t<\/div>\n\t\t\t\t<div class=\"elementor-post__excerpt\">\n\t\t\t<p>La cuenta del ex presidente Rafael Correa en Twitter es la punta de lanza de la estrategia pol\u00edtica para mantener a flote su movimiento en<\/p>\n\t\t<\/div>\n\t\t\t\t<\/div>\n\t\t\t\t<\/article>\n\t\t\t\t<article class=\"elementor-post elementor-grid-item post-4811 post type-post status-publish format-standard has-post-thumbnail hentry category-desinformacion\">\n\t\t\t\t<a class=\"elementor-post__thumbnail__link\" href=\"https:\/\/www.codigovidrio.com\/code\/en-ee-uu-esta-mayoria-de-seguidores-de-lenin-en-twitter\/\" tabindex=\"-1\" >\n\t\t\t<div class=\"elementor-post__thumbnail\"><img loading=\"lazy\" decoding=\"async\" width=\"300\" height=\"158\" src=\"https:\/\/www.codigovidrio.com\/code\/wp-content\/uploads\/2020\/10\/moreno-twitter-head-1-300x158.jpg\" class=\"attachment-medium size-medium wp-image-4806\" alt=\"\" srcset=\"https:\/\/www.codigovidrio.com\/code\/wp-content\/uploads\/2020\/10\/moreno-twitter-head-1-300x158.jpg 300w, https:\/\/www.codigovidrio.com\/code\/wp-content\/uploads\/2020\/10\/moreno-twitter-head-1-1024x541.jpg 1024w, https:\/\/www.codigovidrio.com\/code\/wp-content\/uploads\/2020\/10\/moreno-twitter-head-1-768x406.jpg 768w, https:\/\/www.codigovidrio.com\/code\/wp-content\/uploads\/2020\/10\/moreno-twitter-head-1.jpg 1250w\" sizes=\"(max-width: 300px) 100vw, 300px\" \/><\/div>\n\t\t<\/a>\n\t\t\t\t<div class=\"elementor-post__text\">\n\t\t\t\t<h3 class=\"elementor-post__title\">\n\t\t\t<a href=\"https:\/\/www.codigovidrio.com\/code\/en-ee-uu-esta-mayoria-de-seguidores-de-lenin-en-twitter\/\" >\n\t\t\t\tEn EE.UU. est\u00e1 mayor\u00eda de seguidores de @Lenin en Twitter\t\t\t<\/a>\n\t\t<\/h3>\n\t\t\t\t<div class=\"elementor-post__meta-data\">\n\t\t\t\t\t<span class=\"elementor-post-date\">\n\t\t\t20 junio, 2020\t\t<\/span>\n\t\t\t\t<\/div>\n\t\t\t\t<div class=\"elementor-post__excerpt\">\n\t\t\t<p>C\u00f3digo Vidrio, como parte del proyecto (des) Informaci\u00f3n, inicia una serie sobre el manejo de las cuentas en Twitter de cuatro de los personajes pol\u00edticos<\/p>\n\t\t<\/div>\n\t\t\t\t<\/div>\n\t\t\t\t<\/article>\n\t\t\t\t<article class=\"elementor-post elementor-grid-item post-2934 post type-post status-publish format-standard has-post-thumbnail hentry category-desinformacion category-especiales\">\n\t\t\t\t<a class=\"elementor-post__thumbnail__link\" href=\"https:\/\/www.codigovidrio.com\/code\/el-correismo-alcanza-9-millones-de-personas-en-facebook-sin-pagar-un-centavo\/\" tabindex=\"-1\" >\n\t\t\t<div class=\"elementor-post__thumbnail\"><img loading=\"lazy\" decoding=\"async\" width=\"300\" height=\"122\" src=\"https:\/\/www.codigovidrio.com\/code\/wp-content\/uploads\/2020\/04\/fake2-head--300x122.jpg\" class=\"attachment-medium size-medium wp-image-2942\" alt=\"\" srcset=\"https:\/\/www.codigovidrio.com\/code\/wp-content\/uploads\/2020\/04\/fake2-head--300x122.jpg 300w, https:\/\/www.codigovidrio.com\/code\/wp-content\/uploads\/2020\/04\/fake2-head--1024x416.jpg 1024w, https:\/\/www.codigovidrio.com\/code\/wp-content\/uploads\/2020\/04\/fake2-head--768x312.jpg 768w, https:\/\/www.codigovidrio.com\/code\/wp-content\/uploads\/2020\/04\/fake2-head--1536x624.jpg 1536w, https:\/\/www.codigovidrio.com\/code\/wp-content\/uploads\/2020\/04\/fake2-head-.jpg 1600w\" sizes=\"(max-width: 300px) 100vw, 300px\" \/><\/div>\n\t\t<\/a>\n\t\t\t\t<div class=\"elementor-post__text\">\n\t\t\t\t<h3 class=\"elementor-post__title\">\n\t\t\t<a href=\"https:\/\/www.codigovidrio.com\/code\/el-correismo-alcanza-9-millones-de-personas-en-facebook-sin-pagar-un-centavo\/\" >\n\t\t\t\tEl corre\u00edsmo alcanza 9 millones de personas en Facebook sin pagar un centavo\t\t\t<\/a>\n\t\t<\/h3>\n\t\t\t\t<div class=\"elementor-post__meta-data\">\n\t\t\t\t\t<span class=\"elementor-post-date\">\n\t\t\t2 abril, 2020\t\t<\/span>\n\t\t\t\t<\/div>\n\t\t\t\t<div class=\"elementor-post__excerpt\">\n\t\t\t<p>La Senain, la Secom y la Secretar\u00eda de la Administraci\u00f3n formaron un tridente, desde el cual Rafael Correa, mientras estuvo en el poder, arm\u00f3 su<\/p>\n\t\t<\/div>\n\t\t\t\t<\/div>\n\t\t\t\t<\/article>\n\t\t\t\t<article class=\"elementor-post elementor-grid-item post-2865 post type-post status-publish format-standard has-post-thumbnail hentry category-desinformacion category-especiales\">\n\t\t\t\t<a class=\"elementor-post__thumbnail__link\" href=\"https:\/\/www.codigovidrio.com\/code\/asi-propaga-el-correismo-el-virus-del-miedo-en-las-redes\/\" tabindex=\"-1\" >\n\t\t\t<div class=\"elementor-post__thumbnail\"><img loading=\"lazy\" decoding=\"async\" width=\"300\" height=\"122\" src=\"https:\/\/www.codigovidrio.com\/code\/wp-content\/uploads\/2020\/03\/fake-head_-300x122.jpg\" class=\"attachment-medium size-medium wp-image-2888\" alt=\"\" srcset=\"https:\/\/www.codigovidrio.com\/code\/wp-content\/uploads\/2020\/03\/fake-head_-300x122.jpg 300w, https:\/\/www.codigovidrio.com\/code\/wp-content\/uploads\/2020\/03\/fake-head_-1024x416.jpg 1024w, https:\/\/www.codigovidrio.com\/code\/wp-content\/uploads\/2020\/03\/fake-head_-768x312.jpg 768w, https:\/\/www.codigovidrio.com\/code\/wp-content\/uploads\/2020\/03\/fake-head_-1536x624.jpg 1536w, https:\/\/www.codigovidrio.com\/code\/wp-content\/uploads\/2020\/03\/fake-head_.jpg 1600w\" sizes=\"(max-width: 300px) 100vw, 300px\" \/><\/div>\n\t\t<\/a>\n\t\t\t\t<div class=\"elementor-post__text\">\n\t\t\t\t<h3 class=\"elementor-post__title\">\n\t\t\t<a href=\"https:\/\/www.codigovidrio.com\/code\/asi-propaga-el-correismo-el-virus-del-miedo-en-las-redes\/\" >\n\t\t\t\tAs\u00ed propaga el corre\u00edsmo el virus del miedo en redes\t\t\t<\/a>\n\t\t<\/h3>\n\t\t\t\t<div class=\"elementor-post__meta-data\">\n\t\t\t\t\t<span class=\"elementor-post-date\">\n\t\t\t30 marzo, 2020\t\t<\/span>\n\t\t\t\t<\/div>\n\t\t\t\t<div class=\"elementor-post__excerpt\">\n\t\t\t<p>La estrategia de desinformaci\u00f3n en Ecuador se consolida desde 13 campa\u00f1as simult\u00e1neas, para desgastar al gobierno, aprovechando la crisis sanitaria por el Covid-19. A la<\/p>\n\t\t<\/div>\n\t\t\t\t<\/div>\n\t\t\t\t<\/article>\n\t\t\t\t<\/div>\n\t\t\n\t\t\t\t\t\t<\/div>\n\t\t\t\t<\/div>\n\t\t\t\t\t<\/div>\n\t\t<\/div>\n\t\t\t\t\t<\/div>\n\t\t<\/section>\n\t\t\t\t<\/div>\n\t\t","protected":false},"excerpt":{"rendered":"<p>Desinformaci\u00f3n<\/p>\n","protected":false},"author":2,"featured_media":0,"parent":0,"menu_order":0,"comment_status":"closed","ping_status":"closed","template":"elementor_header_footer","meta":{"generate_page_header":"","footnotes":""},"yoast_head":"<!-- This site is optimized with the Yoast SEO plugin v23.5 - https:\/\/yoast.com\/wordpress\/plugins\/seo\/ -->\n<title>Desinformaci\u00f3n - C\u00f3digo Vidrio<\/title>\n<meta name=\"robots\" content=\"index, follow, max-snippet:-1, max-image-preview:large, max-video-preview:-1\" \/>\n<link rel=\"canonical\" href=\"https:\/\/www.codigovidrio.com\/code\/desinformacion\/\" \/>\n<meta property=\"og:locale\" content=\"es_ES\" \/>\n<meta property=\"og:type\" content=\"article\" \/>\n<meta property=\"og:title\" content=\"Desinformaci\u00f3n - C\u00f3digo Vidrio\" \/>\n<meta property=\"og:description\" content=\"Desinformaci\u00f3n\" \/>\n<meta property=\"og:url\" content=\"https:\/\/www.codigovidrio.com\/code\/desinformacion\/\" \/>\n<meta property=\"og:site_name\" content=\"C\u00f3digo Vidrio\" \/>\n<meta property=\"article:modified_time\" content=\"2020-10-19T05:26:06+00:00\" \/>\n<meta name=\"twitter:card\" content=\"summary_large_image\" \/>\n<script type=\"application\/ld+json\" class=\"yoast-schema-graph\">{\"@context\":\"https:\/\/schema.org\",\"@graph\":[{\"@type\":\"WebPage\",\"@id\":\"https:\/\/www.codigovidrio.com\/code\/desinformacion\/\",\"url\":\"https:\/\/www.codigovidrio.com\/code\/desinformacion\/\",\"name\":\"Desinformaci\u00f3n - C\u00f3digo Vidrio\",\"isPartOf\":{\"@id\":\"https:\/\/www.codigovidrio.com\/code\/#website\"},\"datePublished\":\"2020-10-19T05:23:29+00:00\",\"dateModified\":\"2020-10-19T05:26:06+00:00\",\"breadcrumb\":{\"@id\":\"https:\/\/www.codigovidrio.com\/code\/desinformacion\/#breadcrumb\"},\"inLanguage\":\"es\",\"potentialAction\":[{\"@type\":\"ReadAction\",\"target\":[\"https:\/\/www.codigovidrio.com\/code\/desinformacion\/\"]}]},{\"@type\":\"BreadcrumbList\",\"@id\":\"https:\/\/www.codigovidrio.com\/code\/desinformacion\/#breadcrumb\",\"itemListElement\":[{\"@type\":\"ListItem\",\"position\":1,\"name\":\"Portada\",\"item\":\"https:\/\/www.codigovidrio.com\/code\/\"},{\"@type\":\"ListItem\",\"position\":2,\"name\":\"Desinformaci\u00f3n\"}]},{\"@type\":\"WebSite\",\"@id\":\"https:\/\/www.codigovidrio.com\/code\/#website\",\"url\":\"https:\/\/www.codigovidrio.com\/code\/\",\"name\":\"C\u00f3digo Vidrio\",\"description\":\"Transparentamos las historias ocultas\",\"publisher\":{\"@id\":\"https:\/\/www.codigovidrio.com\/code\/#organization\"},\"potentialAction\":[{\"@type\":\"SearchAction\",\"target\":{\"@type\":\"EntryPoint\",\"urlTemplate\":\"https:\/\/www.codigovidrio.com\/code\/?s={search_term_string}\"},\"query-input\":{\"@type\":\"PropertyValueSpecification\",\"valueRequired\":true,\"valueName\":\"search_term_string\"}}],\"inLanguage\":\"es\"},{\"@type\":\"Organization\",\"@id\":\"https:\/\/www.codigovidrio.com\/code\/#organization\",\"name\":\"C\u00f3digo Vidrio\",\"url\":\"https:\/\/www.codigovidrio.com\/code\/\",\"logo\":{\"@type\":\"ImageObject\",\"inLanguage\":\"es\",\"@id\":\"https:\/\/www.codigovidrio.com\/code\/#\/schema\/logo\/image\/\",\"url\":\"https:\/\/www.codigovidrio.com\/code\/wp-content\/uploads\/2022\/01\/logo-horiz-08.png\",\"contentUrl\":\"https:\/\/www.codigovidrio.com\/code\/wp-content\/uploads\/2022\/01\/logo-horiz-08.png\",\"width\":817,\"height\":294,\"caption\":\"C\u00f3digo Vidrio\"},\"image\":{\"@id\":\"https:\/\/www.codigovidrio.com\/code\/#\/schema\/logo\/image\/\"}}]}<\/script>\n<!-- \/ Yoast SEO plugin. -->","yoast_head_json":{"title":"Desinformaci\u00f3n - C\u00f3digo Vidrio","robots":{"index":"index","follow":"follow","max-snippet":"max-snippet:-1","max-image-preview":"max-image-preview:large","max-video-preview":"max-video-preview:-1"},"canonical":"https:\/\/www.codigovidrio.com\/code\/desinformacion\/","og_locale":"es_ES","og_type":"article","og_title":"Desinformaci\u00f3n - C\u00f3digo Vidrio","og_description":"Desinformaci\u00f3n","og_url":"https:\/\/www.codigovidrio.com\/code\/desinformacion\/","og_site_name":"C\u00f3digo Vidrio","article_modified_time":"2020-10-19T05:26:06+00:00","twitter_card":"summary_large_image","schema":{"@context":"https:\/\/schema.org","@graph":[{"@type":"WebPage","@id":"https:\/\/www.codigovidrio.com\/code\/desinformacion\/","url":"https:\/\/www.codigovidrio.com\/code\/desinformacion\/","name":"Desinformaci\u00f3n - C\u00f3digo Vidrio","isPartOf":{"@id":"https:\/\/www.codigovidrio.com\/code\/#website"},"datePublished":"2020-10-19T05:23:29+00:00","dateModified":"2020-10-19T05:26:06+00:00","breadcrumb":{"@id":"https:\/\/www.codigovidrio.com\/code\/desinformacion\/#breadcrumb"},"inLanguage":"es","potentialAction":[{"@type":"ReadAction","target":["https:\/\/www.codigovidrio.com\/code\/desinformacion\/"]}]},{"@type":"BreadcrumbList","@id":"https:\/\/www.codigovidrio.com\/code\/desinformacion\/#breadcrumb","itemListElement":[{"@type":"ListItem","position":1,"name":"Portada","item":"https:\/\/www.codigovidrio.com\/code\/"},{"@type":"ListItem","position":2,"name":"Desinformaci\u00f3n"}]},{"@type":"WebSite","@id":"https:\/\/www.codigovidrio.com\/code\/#website","url":"https:\/\/www.codigovidrio.com\/code\/","name":"C\u00f3digo Vidrio","description":"Transparentamos las historias ocultas","publisher":{"@id":"https:\/\/www.codigovidrio.com\/code\/#organization"},"potentialAction":[{"@type":"SearchAction","target":{"@type":"EntryPoint","urlTemplate":"https:\/\/www.codigovidrio.com\/code\/?s={search_term_string}"},"query-input":{"@type":"PropertyValueSpecification","valueRequired":true,"valueName":"search_term_string"}}],"inLanguage":"es"},{"@type":"Organization","@id":"https:\/\/www.codigovidrio.com\/code\/#organization","name":"C\u00f3digo Vidrio","url":"https:\/\/www.codigovidrio.com\/code\/","logo":{"@type":"ImageObject","inLanguage":"es","@id":"https:\/\/www.codigovidrio.com\/code\/#\/schema\/logo\/image\/","url":"https:\/\/www.codigovidrio.com\/code\/wp-content\/uploads\/2022\/01\/logo-horiz-08.png","contentUrl":"https:\/\/www.codigovidrio.com\/code\/wp-content\/uploads\/2022\/01\/logo-horiz-08.png","width":817,"height":294,"caption":"C\u00f3digo Vidrio"},"image":{"@id":"https:\/\/www.codigovidrio.com\/code\/#\/schema\/logo\/image\/"}}]}},"_links":{"self":[{"href":"https:\/\/www.codigovidrio.com\/code\/wp-json\/wp\/v2\/pages\/4779"}],"collection":[{"href":"https:\/\/www.codigovidrio.com\/code\/wp-json\/wp\/v2\/pages"}],"about":[{"href":"https:\/\/www.codigovidrio.com\/code\/wp-json\/wp\/v2\/types\/page"}],"author":[{"embeddable":true,"href":"https:\/\/www.codigovidrio.com\/code\/wp-json\/wp\/v2\/users\/2"}],"replies":[{"embeddable":true,"href":"https:\/\/www.codigovidrio.com\/code\/wp-json\/wp\/v2\/comments?post=4779"}],"version-history":[{"count":2,"href":"https:\/\/www.codigovidrio.com\/code\/wp-json\/wp\/v2\/pages\/4779\/revisions"}],"predecessor-version":[{"id":4781,"href":"https:\/\/www.codigovidrio.com\/code\/wp-json\/wp\/v2\/pages\/4779\/revisions\/4781"}],"wp:attachment":[{"href":"https:\/\/www.codigovidrio.com\/code\/wp-json\/wp\/v2\/media?parent=4779"}],"curies":[{"name":"wp","href":"https:\/\/api.w.org\/{rel}","templated":true}]}}