{"id":2,"date":"2020-06-17T03:58:59","date_gmt":"2020-06-17T03:58:59","guid":{"rendered":"http:\/\/www.codigovidrio.com\/desinformacion\/?page_id=2"},"modified":"2022-01-02T21:18:31","modified_gmt":"2022-01-03T02:18:31","slug":"inicio","status":"publish","type":"page","link":"http:\/\/www.codigovidrio.com\/desinformacion\/","title":{"rendered":"Inicio"},"content":{"rendered":"<p><section id=\"bt_section69f822d40d403\"  class=\"boldSection gutter boxed inherit\" ><div class=\"port\"><div class=\"boldCell\"><div class=\"boldCellInner\"><div class=\"boldRow \" ><div class=\"boldRowInner\"><div class=\"rowItem col-md-6 col-sm-12 btTextLeft\"  data-width=\"6\"><div class=\"rowItemContent\" ><div class=\"btSinglePostTemplate  largeTemplate btHideBottomData btHideTopData backgroundImagePosition image_size__medium_large__\" style=\"height: 560px;\">\r\n\t\r\n\t<div class=\"btPostImageHolder\">\r\n\t\t\t\t\t<div class=\"btSinglePostBackgroundImage\" style=\"background-image:url(http:\/\/www.codigovidrio.com\/desinformacion\/wp-content\/uploads\/2022\/07\/desinformacion-violencia.jpeg); \"><a href=\"http:\/\/www.codigovidrio.com\/desinformacion\/la-desinformacion-se-alimenta-de-la-violencia\/\"><\/a><\/div>\r\n\t\t\t\t\t\t\t\r\n\t\t\t\t<div class=\"btSinglePostTopMetaData\">\r\n\t\t\t<div class=\"btSinglePostFormat\"><\/div>\r\n\t\t\t\t\t\t\t\t\t\t\t\t<span class=\"btArticleCategories\"><a href=\"http:\/\/www.codigovidrio.com\/desinformacion\/category\/sociedad\/\" class=\"btArticleCategory cat-item-8\">Sociedad<\/a><\/span>\r\n\t\t\t\t\t\t\t\t\t<\/div>\r\n\t<\/div>\r\n\t<div class=\"btSinglePostContent\">\r\n\t\t\t\r\n\t\t<div class=\"btSinglePostTopData\">\r\n\t\t\t\t\t\t\t<span class=\"btArticleDate\">10 de julio de 2022<\/span>\r\n\t\t\t\t\t\t\t\t\t\t\r\n\t\t\t\t\t<\/div>\r\n\t\t<h4>\r\n\t\t\t<a href=\"http:\/\/www.codigovidrio.com\/desinformacion\/la-desinformacion-se-alimenta-de-la-violencia\/\">\r\n\t\t\t\tLa desinformaci\u00f3n se alimenta de la violencia\r\n\t\t\t<\/a>\r\n\t\t<\/h4>\r\n\t\t\t\t<div class=\"btSinglePostExcerpt\">\r\n\t\t\tPor Ana Mar\u00eda Carvajal Asaltos, asesinatos, masacres en los centros de rehabilitaci\u00f3n social, saqueos, protestas y otros cr\u00edmenes y situaciones de convulsi\u00f3n social tienen cada vez mayor difusi\u00f3n en medios de comunicaci\u00f3n y en redes sociales. La violencia se comenta a diario en chats y conversaciones en el entorno social, familiar o laboral y el [&hellip;]\r\n\t\t<\/div>\r\n\t\t\r\n\t\t\t\t\t<div class=\"btSinglePostBottomData\">\r\n\t\t\t\t\t\t\t\t\t\r\n\t\t\t\t\t\t\t\t\t\t\t\t\t<span class=\"btArticleReadingTime\">4<span>min<\/span><\/span>\r\n\t\t\t\t\t\t\t\t\t\t\t\t\t<span class=\"btArticleViewsCount\">2425<\/span>\r\n\t\t\t\t\t\t\t\t\t\t\t\t\t\r\n\t\t\t\t\t\t\t<\/div>\r\n\t\t\r\n\t<\/div>\r\n<\/div><\/div><\/div><div class=\"rowItem col-md-6 col-sm-12 btTextLeft\"  data-width=\"6\"><div class=\"rowItemContent\" ><div class=\"btSinglePostTemplate  smallTemplate btSingleHighlight btHideBottomData btHideTopData backgroundImagePosition image_size__medium_large__\" style=\"height: 180px;\">\r\n\t\r\n\t<div class=\"btPostImageHolder\">\r\n\t\t\t\t\t<div class=\"btSinglePostBackgroundImage\" style=\"background-image:url(http:\/\/www.codigovidrio.com\/desinformacion\/wp-content\/uploads\/2022\/06\/Los-ninos-mas-vulnerables-a-caer-en-redes-de-explotacion.jpeg); \"><a href=\"http:\/\/www.codigovidrio.com\/desinformacion\/los-ninos-mas-expuestos-a-redes-de-pornografia\/\"><\/a><\/div>\r\n\t\t\t\t\t\t\t\r\n\t\t\t\t<div class=\"btSinglePostTopMetaData\">\r\n\t\t\t<div class=\"btSinglePostFormat\"><\/div>\r\n\t\t\t\t\t\t\t\t\t\t\t\t<span class=\"btArticleCategories\"><a href=\"http:\/\/www.codigovidrio.com\/desinformacion\/category\/sociedad\/\" class=\"btArticleCategory cat-item-8\">Sociedad<\/a><\/span>\r\n\t\t\t\t\t\t\t\t\t<\/div>\r\n\t<\/div>\r\n\t<div class=\"btSinglePostContent\">\r\n\t\t\t\r\n\t\t<div class=\"btSinglePostTopData\">\r\n\t\t\t\t\t\t\t<span class=\"btArticleDate\">1 de junio de 2022<\/span>\r\n\t\t\t\t\t\t\t\t\t\t\r\n\t\t\t\t\t<\/div>\r\n\t\t<h4>\r\n\t\t\t<a href=\"http:\/\/www.codigovidrio.com\/desinformacion\/los-ninos-mas-expuestos-a-redes-de-pornografia\/\">\r\n\t\t\t\tLos ni\u00f1os, m\u00e1s expuestos a redes de pornograf\u00eda\r\n\t\t\t<\/a>\r\n\t\t<\/h4>\r\n\t\t\t\t\t\r\n\t\t\r\n\t\t\t\t\t<div class=\"btSinglePostBottomData\">\r\n\t\t\t\t\t\t\t\t\t\r\n\t\t\t\t\t\t\t\t\t\t\t\t\t\r\n\t\t\t\t\t\t\t\t\t\t\t\t\t<span class=\"btArticleViewsCount\">3390<\/span>\r\n\t\t\t\t\t\t\t\t\t\t\t\t\t\r\n\t\t\t\t\t\t\t<\/div>\r\n\t\t\r\n\t<\/div>\r\n<\/div><div class=\"btSinglePostTemplate  smallTemplate btHideBottomData btHideTopData backgroundImagePosition image_size__medium_large__\" style=\"height: 200px;\">\r\n\t\r\n\t<div class=\"btPostImageHolder\">\r\n\t\t\t\t\t<div class=\"btSinglePostBackgroundImage\" style=\"background-image:url(http:\/\/www.codigovidrio.com\/desinformacion\/wp-content\/uploads\/2022\/05\/tiktok-01-1024x613.jpeg); \"><a href=\"http:\/\/www.codigovidrio.com\/desinformacion\/tik-tok-tambien-es-un-nido-de-desinformacion\/\"><\/a><\/div>\r\n\t\t\t\t\t\t\t\r\n\t\t\t\t<div class=\"btSinglePostTopMetaData\">\r\n\t\t\t<div class=\"btSinglePostFormat\"><\/div>\r\n\t\t\t\t\t\t\t\t\t\t\t\t<span class=\"btArticleCategories\"><a href=\"http:\/\/www.codigovidrio.com\/desinformacion\/category\/sociedad\/\" class=\"btArticleCategory cat-item-8\">Sociedad<\/a><\/span>\r\n\t\t\t\t\t\t\t\t\t<\/div>\r\n\t<\/div>\r\n\t<div class=\"btSinglePostContent\">\r\n\t\t\t\r\n\t\t<div class=\"btSinglePostTopData\">\r\n\t\t\t\t\t\t\t<span class=\"btArticleDate\">14 de mayo de 2022<\/span>\r\n\t\t\t\t\t\t\t\t\t\t\r\n\t\t\t\t\t<\/div>\r\n\t\t<h4>\r\n\t\t\t<a href=\"http:\/\/www.codigovidrio.com\/desinformacion\/tik-tok-tambien-es-un-nido-de-desinformacion\/\">\r\n\t\t\t\tTIK TOK, m\u00e1s expuesto a desinformaci\u00f3n\r\n\t\t\t<\/a>\r\n\t\t<\/h4>\r\n\t\t\t\t\t\r\n\t\t\r\n\t\t\t\t\t<div class=\"btSinglePostBottomData\">\r\n\t\t\t\t\t\t\t\t\t\r\n\t\t\t\t\t\t\t\t\t\t\t\t\t\r\n\t\t\t\t\t\t\t\t\t\t\t\t\t<span class=\"btArticleViewsCount\">2990<\/span>\r\n\t\t\t\t\t\t\t\t\t\t\t\t\t\r\n\t\t\t\t\t\t\t<\/div>\r\n\t\t\r\n\t<\/div>\r\n<\/div><\/div><\/div><\/div><\/div><\/div><\/div><\/div><\/section><section id=\"bt_section69f822d412f5d\"  class=\"boldSection topMediumSpaced bottomMediumSpaced gutter boxed inherit\" style=\"background-color:#eeeeee  !important;\"><div class=\"port\"><div class=\"boldCell\"><div class=\"boldCellInner\"><div class=\"boldRow \" ><div class=\"boldRowInner\"><div class=\"rowItem col-md-3 col-sm-6 col-ms-12 btTextLeft\"  data-width=\"3\"><div class=\"rowItemContent\" ><div class=\"btBox shortcode_widget_categories \"><h4><span>Categor\u00edas<\/span><\/h4><ul>\t<li class=\"cat-item cat-item-10\"><a href=\"http:\/\/www.codigovidrio.com\/desinformacion\/category\/podcast\/\">Podcast <span>8<\/span><\/a>\n<\/li>\n\t<li class=\"cat-item cat-item-2\"><a href=\"http:\/\/www.codigovidrio.com\/desinformacion\/category\/politica\/\">Pol\u00edtica <span>23<\/span><\/a>\n<\/li>\n\t<li class=\"cat-item cat-item-4\"><a href=\"http:\/\/www.codigovidrio.com\/desinformacion\/category\/salud\/\">Salud <span>5<\/span><\/a>\n<\/li>\n\t<li class=\"cat-item cat-item-1\"><a href=\"http:\/\/www.codigovidrio.com\/desinformacion\/category\/sin-categoria\/\">Sin categor\u00eda <span>0<\/span><\/a>\n<\/li>\n\t<li class=\"cat-item cat-item-8\"><a href=\"http:\/\/www.codigovidrio.com\/desinformacion\/category\/sociedad\/\">Sociedad <span>30<\/span><\/a>\n<\/li>\n<\/ul><\/div><\/div><\/div><div class=\"rowItem col-md-9 col-ms-12  btTextLeft\"  data-width=\"9\"><div class=\"rowItemContent\" ><header class=\"header btClear large  regular\" ><div class=\"dash\"><h2><span class=\"headline\">Desmontando la desinformaci\u00f3n<\/span><\/h2><\/div><div class=\"btSubTitle\">La producci\u00f3n de los podcast est\u00e1 a cargo de estudiantes de periodismo de la Universidad San Francisco de Quito, aliada de C\u00f3digo Vidrio en el proyecto (Des) informaci\u00f3n Covid-19. <\/div><\/header><div class=\"btGridContainer tiled btGridGap-10 btHasTitles\" ><div class=\"tilesWall btAjaxGrid tiled\" data-num=\"6\" data-tiles-title=\"yes\" data-grid-type=\"tiled\" data-post-type=\"post\" data-col=\"3\" data-cat-slug=\"podcast\" data-scroll-loading=\"no\" data-format=\"\" data-related=\"\" data-sticky=\"no\"><div class=\"gridSizer\"><\/div><\/div><div class=\"btLoader btLoaderGrid\"><\/div><div class=\"btNoMore btTextCenter topSmallSpaced bottomSmallSpaced\">No more posts<\/div><\/div><\/div><\/div><\/div><\/div><\/div><\/div><\/div><\/section><section id=\"bt_section69f822d413c68\"  class=\"boldSection topSemiSpaced bottomSemiSpaced gutter boxed inherit\" ><div class=\"port\"><div class=\"boldCell\"><div class=\"boldCellInner\"><div class=\"boldRow \" ><div class=\"boldRowInner\"><div class=\"rowItem col-md-12 col-ms-12  btTextLeft\"  data-width=\"12\"><div class=\"rowItemContent\" ><header class=\"header btClear large  regular\" ><div class=\"btSuperTitle\"><span>Un proyecto con la participaci\u00f3n de C\u00f3digo Vidrio, Diario El Universo y la Universidad San Francisco de Quito.<\/span><\/div><div class=\"dash\"><h2><span class=\"headline\">(Des)informaci\u00f3n<\/span><\/h2><\/div><\/header><div class=\"btText\" ><\/p>\n<p><img loading=\"lazy\" class=\"wp-image-102 alignleft\" src=\"http:\/\/www.codigovidrio.com\/desinformacion\/wp-content\/uploads\/2020\/06\/desinformacion-logo-02.png\" alt=\"\" width=\"216\" height=\"81\" srcset=\"http:\/\/www.codigovidrio.com\/desinformacion\/wp-content\/uploads\/2020\/06\/desinformacion-logo-02.png 600w, http:\/\/www.codigovidrio.com\/desinformacion\/wp-content\/uploads\/2020\/06\/desinformacion-logo-02-320x120.png 320w\" sizes=\"(max-width: 216px) 100vw, 216px\" \/>El proyecto \u2018(Des) informaci\u00f3n busca apuntalar al periodismo independiente de profundidad y datos, con un enfoque de soluciones en difusi\u00f3n de contenidos en redes sociales..<\/p>\n<p>Esta iniciativa es apoyada financieramente por The Global Engagement Center de Estados Unidos. El respaldo no implica ninguna injerencia en nuestra l\u00ednea editorial. Uno de sus objetivos es Implementar un observatorio de fact-checking, con el soporte acad\u00e9mico de profesores y estudiantes universitarios de periodismo.<\/p>\n<p><img loading=\"lazy\" class=\"wp-image-788 alignleft\" src=\"http:\/\/www.codigovidrio.com\/desinformacion\/wp-content\/uploads\/2022\/01\/logo-horiz-08-640x230.png\" alt=\"\" width=\"216\" height=\"78\" srcset=\"http:\/\/www.codigovidrio.com\/desinformacion\/wp-content\/uploads\/2022\/01\/logo-horiz-08-640x230.png 640w, http:\/\/www.codigovidrio.com\/desinformacion\/wp-content\/uploads\/2022\/01\/logo-horiz-08-320x115.png 320w, http:\/\/www.codigovidrio.com\/desinformacion\/wp-content\/uploads\/2022\/01\/logo-horiz-08.png 817w\" sizes=\"(max-width: 216px) 100vw, 216px\" \/>Es, a su vez, una alianza in\u00e9dita en Ecuador entre medios y academia para mostrar un problema que perfora la gobernabilidad y afecta a toda la sociedad.<\/p>\n<p>Durante varios meses divulgaremos investigaciones, reportajes y noticias, en diferentes formatos audiovisuales, que har\u00e1n una radiograf\u00eda y monitoreo de la desinformaci\u00f3n, en Ecuador y el mundo.<\/p>\n<p>\n<\/div><\/div><\/div><\/div><\/div><\/div><\/div><\/div><\/section><\/p>\n","protected":false},"excerpt":{"rendered":"","protected":false},"author":1,"featured_media":0,"parent":0,"menu_order":0,"comment_status":"closed","ping_status":"open","template":"","meta":[],"yoast_head":"<!-- This site is optimized with the Yoast SEO plugin v20.6 - https:\/\/yoast.com\/wordpress\/plugins\/seo\/ -->\n<title>Inicio - Desinformacion<\/title>\n<meta name=\"robots\" content=\"index, follow, max-snippet:-1, max-image-preview:large, max-video-preview:-1\" \/>\n<link rel=\"canonical\" href=\"http:\/\/www.codigovidrio.com\/desinformacion\/\" \/>\n<meta property=\"og:locale\" content=\"es_ES\" \/>\n<meta property=\"og:type\" content=\"article\" \/>\n<meta property=\"og:title\" content=\"Inicio - Desinformacion\" \/>\n<meta property=\"og:url\" content=\"http:\/\/www.codigovidrio.com\/desinformacion\/\" \/>\n<meta property=\"og:site_name\" content=\"Desinformacion\" \/>\n<meta property=\"article:modified_time\" content=\"2022-01-03T02:18:31+00:00\" \/>\n<meta property=\"og:image\" content=\"http:\/\/www.codigovidrio.com\/desinformacion\/wp-content\/uploads\/2020\/06\/desinformacion-logo-02.png\" \/>\n<meta name=\"twitter:card\" content=\"summary_large_image\" \/>\n<meta name=\"twitter:label1\" content=\"Tiempo estimado de lectura\" \/>\n\t<meta name=\"twitter:data1\" content=\"3 minutos\" \/>\n<script type=\"application\/ld+json\" class=\"yoast-schema-graph\">{\"@context\":\"https:\/\/schema.org\",\"@graph\":[{\"@type\":\"WebPage\",\"@id\":\"http:\/\/www.codigovidrio.com\/desinformacion\/\",\"url\":\"http:\/\/www.codigovidrio.com\/desinformacion\/\",\"name\":\"Inicio - Desinformacion\",\"isPartOf\":{\"@id\":\"http:\/\/www.codigovidrio.com\/desinformacion\/#website\"},\"datePublished\":\"2020-06-17T03:58:59+00:00\",\"dateModified\":\"2022-01-03T02:18:31+00:00\",\"breadcrumb\":{\"@id\":\"http:\/\/www.codigovidrio.com\/desinformacion\/#breadcrumb\"},\"inLanguage\":\"es-CO\",\"potentialAction\":[{\"@type\":\"ReadAction\",\"target\":[\"http:\/\/www.codigovidrio.com\/desinformacion\/\"]}]},{\"@type\":\"BreadcrumbList\",\"@id\":\"http:\/\/www.codigovidrio.com\/desinformacion\/#breadcrumb\",\"itemListElement\":[{\"@type\":\"ListItem\",\"position\":1,\"name\":\"Home\",\"item\":\"http:\/\/www.codigovidrio.com\/desinformacion\/\"},{\"@type\":\"ListItem\",\"position\":2,\"name\":\"Inicio\"}]},{\"@type\":\"WebSite\",\"@id\":\"http:\/\/www.codigovidrio.com\/desinformacion\/#website\",\"url\":\"http:\/\/www.codigovidrio.com\/desinformacion\/\",\"name\":\"Desinformacion\",\"description\":\"Un proyecto de Codigo Vidrio\",\"potentialAction\":[{\"@type\":\"SearchAction\",\"target\":{\"@type\":\"EntryPoint\",\"urlTemplate\":\"http:\/\/www.codigovidrio.com\/desinformacion\/?s={search_term_string}\"},\"query-input\":\"required name=search_term_string\"}],\"inLanguage\":\"es-CO\"}]}<\/script>\n<!-- \/ Yoast SEO plugin. -->","yoast_head_json":{"title":"Inicio - Desinformacion","robots":{"index":"index","follow":"follow","max-snippet":"max-snippet:-1","max-image-preview":"max-image-preview:large","max-video-preview":"max-video-preview:-1"},"canonical":"http:\/\/www.codigovidrio.com\/desinformacion\/","og_locale":"es_ES","og_type":"article","og_title":"Inicio - Desinformacion","og_url":"http:\/\/www.codigovidrio.com\/desinformacion\/","og_site_name":"Desinformacion","article_modified_time":"2022-01-03T02:18:31+00:00","og_image":[{"url":"http:\/\/www.codigovidrio.com\/desinformacion\/wp-content\/uploads\/2020\/06\/desinformacion-logo-02.png"}],"twitter_card":"summary_large_image","twitter_misc":{"Tiempo estimado de lectura":"3 minutos"},"schema":{"@context":"https:\/\/schema.org","@graph":[{"@type":"WebPage","@id":"http:\/\/www.codigovidrio.com\/desinformacion\/","url":"http:\/\/www.codigovidrio.com\/desinformacion\/","name":"Inicio - Desinformacion","isPartOf":{"@id":"http:\/\/www.codigovidrio.com\/desinformacion\/#website"},"datePublished":"2020-06-17T03:58:59+00:00","dateModified":"2022-01-03T02:18:31+00:00","breadcrumb":{"@id":"http:\/\/www.codigovidrio.com\/desinformacion\/#breadcrumb"},"inLanguage":"es-CO","potentialAction":[{"@type":"ReadAction","target":["http:\/\/www.codigovidrio.com\/desinformacion\/"]}]},{"@type":"BreadcrumbList","@id":"http:\/\/www.codigovidrio.com\/desinformacion\/#breadcrumb","itemListElement":[{"@type":"ListItem","position":1,"name":"Home","item":"http:\/\/www.codigovidrio.com\/desinformacion\/"},{"@type":"ListItem","position":2,"name":"Inicio"}]},{"@type":"WebSite","@id":"http:\/\/www.codigovidrio.com\/desinformacion\/#website","url":"http:\/\/www.codigovidrio.com\/desinformacion\/","name":"Desinformacion","description":"Un proyecto de Codigo Vidrio","potentialAction":[{"@type":"SearchAction","target":{"@type":"EntryPoint","urlTemplate":"http:\/\/www.codigovidrio.com\/desinformacion\/?s={search_term_string}"},"query-input":"required name=search_term_string"}],"inLanguage":"es-CO"}]}},"_links":{"self":[{"href":"http:\/\/www.codigovidrio.com\/desinformacion\/wp-json\/wp\/v2\/pages\/2"}],"collection":[{"href":"http:\/\/www.codigovidrio.com\/desinformacion\/wp-json\/wp\/v2\/pages"}],"about":[{"href":"http:\/\/www.codigovidrio.com\/desinformacion\/wp-json\/wp\/v2\/types\/page"}],"author":[{"embeddable":true,"href":"http:\/\/www.codigovidrio.com\/desinformacion\/wp-json\/wp\/v2\/users\/1"}],"replies":[{"embeddable":true,"href":"http:\/\/www.codigovidrio.com\/desinformacion\/wp-json\/wp\/v2\/comments?post=2"}],"version-history":[{"count":114,"href":"http:\/\/www.codigovidrio.com\/desinformacion\/wp-json\/wp\/v2\/pages\/2\/revisions"}],"predecessor-version":[{"id":791,"href":"http:\/\/www.codigovidrio.com\/desinformacion\/wp-json\/wp\/v2\/pages\/2\/revisions\/791"}],"wp:attachment":[{"href":"http:\/\/www.codigovidrio.com\/desinformacion\/wp-json\/wp\/v2\/media?parent=2"}],"curies":[{"name":"wp","href":"https:\/\/api.w.org\/{rel}","templated":true}]}}